{"id":1096,"date":"2016-01-06T13:11:34","date_gmt":"2016-01-06T13:11:34","guid":{"rendered":"http:\/\/anpsthemes.com\/construction\/?page_id=1096"},"modified":"2018-04-18T10:22:53","modified_gmt":"2018-04-18T13:22:53","slug":"home","status":"publish","type":"page","link":"https:\/\/pfeilconveyorbelts.com\/de\/","title":{"rendered":"Home"},"content":{"rendered":"<p>[vc_row full_width=&#8221;stretch_row_content_no_spaces&#8221; css=&#8221;.vc_custom_1453200552863{margin-top: -60px !important;margin-bottom: 0px !important;padding-bottom: 0px !important;}&#8221;][vc_column][vc_column_text]\n<div id=\"rev_slider_1_1_wrapper\" class=\"rev_slider_wrapper fullwidthbanner-container\" data-source=\"gallery\" style=\"margin:0px auto;background:transparent;padding:0px;margin-top:0px;margin-bottom:0px;\">\n<!-- START REVOLUTION SLIDER 5.4.6.3 auto mode -->\n\t<div id=\"rev_slider_1_1\" class=\"rev_slider fullwidthabanner\" style=\"display:none;\" data-version=\"5.4.6.3\">\n<ul>\t<!-- SLIDE  -->\n\t<li data-index=\"rs-52\" data-transition=\"fade\" data-slotamount=\"7\" data-hideafterloop=\"0\" data-hideslideonmobile=\"off\"  data-easein=\"default\" data-easeout=\"default\" data-masterspeed=\"300\"  data-thumb=\"https:\/\/pfeilconveyorbelts.com\/wp-content\/uploads\/2018\/01\/conbelt8-100x50.jpg\"  data-rotate=\"0\"  data-saveperformance=\"off\"  data-title=\"Slide\" data-param1=\"\" data-param2=\"\" data-param3=\"\" data-param4=\"\" data-param5=\"\" data-param6=\"\" data-param7=\"\" data-param8=\"\" data-param9=\"\" data-param10=\"\" data-description=\"\">\n\t\t<!-- MAIN IMAGE -->\n\t\t<img loading=\"lazy\" decoding=\"async\" src=\"https:\/\/pfeilconveyorbelts.com\/wp-content\/uploads\/2018\/01\/conbelt8.jpg\"  alt=\"\" title=\"conbelt8\"  width=\"2399\" height=\"1500\" data-bgposition=\"center center\" data-bgfit=\"cover\" data-bgrepeat=\"no-repeat\" data-bgparallax=\"off\" class=\"rev-slidebg\" data-no-retina>\n\t\t<!-- LAYERS -->\n\t<\/li>\n\t<!-- SLIDE  -->\n\t<li data-index=\"rs-49\" data-transition=\"fade\" data-slotamount=\"7\" data-hideafterloop=\"0\" data-hideslideonmobile=\"off\"  data-easein=\"default\" data-easeout=\"default\" data-masterspeed=\"300\"  data-thumb=\"https:\/\/pfeilconveyorbelts.com\/wp-content\/uploads\/2018\/01\/conbelt-100x50.jpg\"  data-rotate=\"0\"  data-saveperformance=\"off\"  data-title=\"Slide\" data-param1=\"\" data-param2=\"\" data-param3=\"\" data-param4=\"\" data-param5=\"\" data-param6=\"\" data-param7=\"\" data-param8=\"\" data-param9=\"\" data-param10=\"\" data-description=\"\">\n\t\t<!-- MAIN IMAGE -->\n\t\t<img loading=\"lazy\" decoding=\"async\" src=\"https:\/\/pfeilconveyorbelts.com\/wp-content\/uploads\/2018\/01\/conbelt.jpg\"  alt=\"\" title=\"conbelt\"  width=\"1080\" height=\"873\" data-bgposition=\"center center\" data-bgfit=\"cover\" data-bgrepeat=\"no-repeat\" data-bgparallax=\"off\" class=\"rev-slidebg\" data-no-retina>\n\t\t<!-- LAYERS -->\n\t<\/li>\n\t<!-- SLIDE  -->\n\t<li data-index=\"rs-50\" data-transition=\"fade\" data-slotamount=\"7\" data-hideafterloop=\"0\" data-hideslideonmobile=\"off\"  data-easein=\"default\" data-easeout=\"default\" data-masterspeed=\"300\"  data-thumb=\"https:\/\/pfeilconveyorbelts.com\/wp-content\/uploads\/2018\/01\/conbelt5-100x50.jpg\"  data-rotate=\"0\"  data-saveperformance=\"off\"  data-title=\"Slide\" data-param1=\"\" data-param2=\"\" data-param3=\"\" data-param4=\"\" data-param5=\"\" data-param6=\"\" data-param7=\"\" data-param8=\"\" data-param9=\"\" data-param10=\"\" data-description=\"\">\n\t\t<!-- MAIN IMAGE -->\n\t\t<img loading=\"lazy\" decoding=\"async\" src=\"https:\/\/pfeilconveyorbelts.com\/wp-content\/uploads\/2018\/01\/conbelt5.jpg\"  alt=\"\" title=\"conbelt5\"  width=\"2024\" height=\"990\" data-bgposition=\"center center\" data-bgfit=\"cover\" data-bgrepeat=\"no-repeat\" data-bgparallax=\"off\" class=\"rev-slidebg\" data-no-retina>\n\t\t<!-- LAYERS -->\n\t<\/li>\n\t<!-- SLIDE  -->\n\t<li data-index=\"rs-47\" data-transition=\"fade\" data-slotamount=\"default\" data-hideafterloop=\"0\" data-hideslideonmobile=\"off\"  data-easein=\"default\" data-easeout=\"default\" data-masterspeed=\"300\"  data-thumb=\"https:\/\/pfeilconveyorbelts.com\/wp-content\/uploads\/2018\/01\/combelt-100x50.jpg\"  data-rotate=\"0\"  data-saveperformance=\"off\"  data-title=\"Slide\" data-param1=\"\" data-param2=\"\" data-param3=\"\" data-param4=\"\" data-param5=\"\" data-param6=\"\" data-param7=\"\" data-param8=\"\" data-param9=\"\" data-param10=\"\" data-description=\"\">\n\t\t<!-- MAIN IMAGE -->\n\t\t<img loading=\"lazy\" decoding=\"async\" src=\"https:\/\/pfeilconveyorbelts.com\/wp-content\/uploads\/2018\/01\/combelt.jpg\"  alt=\"\" title=\"Pfeil-com.belt\"  width=\"1926\" height=\"1284\" data-bgposition=\"center center\" data-bgfit=\"cover\" data-bgrepeat=\"no-repeat\" data-bgparallax=\"off\" class=\"rev-slidebg\" data-no-retina>\n\t\t<!-- LAYERS -->\n\t<\/li>\n\t<!-- SLIDE  -->\n\t<li data-index=\"rs-48\" data-transition=\"fade\" data-slotamount=\"7\" data-hideafterloop=\"0\" data-hideslideonmobile=\"off\"  data-easein=\"default\" data-easeout=\"default\" data-masterspeed=\"300\"  data-thumb=\"https:\/\/pfeilconveyorbelts.com\/wp-content\/uploads\/2018\/01\/conbelt-3-100x50.jpg\"  data-rotate=\"0\"  data-saveperformance=\"off\"  data-title=\"Slide\" data-param1=\"\" data-param2=\"\" data-param3=\"\" data-param4=\"\" data-param5=\"\" data-param6=\"\" data-param7=\"\" data-param8=\"\" data-param9=\"\" data-param10=\"\" data-description=\"\">\n\t\t<!-- MAIN IMAGE -->\n\t\t<img loading=\"lazy\" decoding=\"async\" src=\"https:\/\/pfeilconveyorbelts.com\/wp-content\/uploads\/2018\/01\/conbelt-3.jpg\"  alt=\"\" title=\"conbelt (3)\"  width=\"1918\" height=\"1279\" data-bgposition=\"center center\" data-bgfit=\"cover\" data-bgrepeat=\"no-repeat\" data-bgparallax=\"off\" class=\"rev-slidebg\" data-no-retina>\n\t\t<!-- LAYERS -->\n\t<\/li>\n\t<!-- SLIDE  -->\n\t<li data-index=\"rs-51\" data-transition=\"fade\" data-slotamount=\"7\" data-hideafterloop=\"0\" data-hideslideonmobile=\"off\"  data-easein=\"default\" data-easeout=\"default\" data-masterspeed=\"300\"  data-thumb=\"https:\/\/pfeilconveyorbelts.com\/wp-content\/uploads\/2018\/01\/conbelt7-100x50.jpg\"  data-rotate=\"0\"  data-saveperformance=\"off\"  data-title=\"Slide\" data-param1=\"\" data-param2=\"\" data-param3=\"\" data-param4=\"\" data-param5=\"\" data-param6=\"\" data-param7=\"\" data-param8=\"\" data-param9=\"\" data-param10=\"\" data-description=\"\">\n\t\t<!-- MAIN IMAGE -->\n\t\t<img loading=\"lazy\" decoding=\"async\" src=\"https:\/\/pfeilconveyorbelts.com\/wp-content\/uploads\/2018\/01\/conbelt7.jpg\"  alt=\"\" title=\"conbelt7\"  width=\"1613\" height=\"1124\" data-bgposition=\"center center\" data-bgfit=\"cover\" data-bgrepeat=\"no-repeat\" data-bgparallax=\"off\" class=\"rev-slidebg\" data-no-retina>\n\t\t<!-- LAYERS -->\n\t<\/li>\n\t<!-- SLIDE  -->\n\t<li data-index=\"rs-53\" data-transition=\"fade\" data-slotamount=\"7\" data-hideafterloop=\"0\" data-hideslideonmobile=\"off\"  data-easein=\"default\" data-easeout=\"default\" data-masterspeed=\"300\"  data-thumb=\"https:\/\/pfeilconveyorbelts.com\/wp-content\/uploads\/2018\/01\/convelt4-100x50.jpg\"  data-rotate=\"0\"  data-saveperformance=\"off\"  data-title=\"Slide\" data-param1=\"\" data-param2=\"\" data-param3=\"\" data-param4=\"\" data-param5=\"\" data-param6=\"\" data-param7=\"\" data-param8=\"\" data-param9=\"\" data-param10=\"\" data-description=\"\">\n\t\t<!-- MAIN IMAGE -->\n\t\t<img loading=\"lazy\" decoding=\"async\" src=\"https:\/\/pfeilconveyorbelts.com\/wp-content\/uploads\/2018\/01\/convelt4.jpg\"  alt=\"\" title=\"convelt4\"  width=\"2576\" height=\"1529\" data-bgposition=\"center center\" data-bgfit=\"cover\" data-bgrepeat=\"no-repeat\" data-bgparallax=\"off\" class=\"rev-slidebg\" data-no-retina>\n\t\t<!-- LAYERS -->\n\t<\/li>\n<\/ul>\n<script>var htmlDiv = document.getElementById(\"rs-plugin-settings-inline-css\"); var htmlDivCss=\"\";\r\n\t\t\t\t\t\tif(htmlDiv) {\r\n\t\t\t\t\t\t\thtmlDiv.innerHTML = htmlDiv.innerHTML + htmlDivCss;\r\n\t\t\t\t\t\t}else{\r\n\t\t\t\t\t\t\tvar htmlDiv = document.createElement(\"div\");\r\n\t\t\t\t\t\t\thtmlDiv.innerHTML = \"<style>\" + htmlDivCss + \"<\/style>\";\r\n\t\t\t\t\t\t\tdocument.getElementsByTagName(\"head\")[0].appendChild(htmlDiv.childNodes[0]);\r\n\t\t\t\t\t\t}\r\n\t\t\t\t\t<\/script>\n<div class=\"tp-bannertimer tp-bottom\" style=\"visibility: hidden !important;\"><\/div>\t<\/div>\n<script>var htmlDiv = document.getElementById(\"rs-plugin-settings-inline-css\"); var htmlDivCss=\"\";\r\n\t\t\t\tif(htmlDiv) {\r\n\t\t\t\t\thtmlDiv.innerHTML = htmlDiv.innerHTML + htmlDivCss;\r\n\t\t\t\t}else{\r\n\t\t\t\t\tvar htmlDiv = document.createElement(\"div\");\r\n\t\t\t\t\thtmlDiv.innerHTML = \"<style>\" + htmlDivCss + \"<\/style>\";\r\n\t\t\t\t\tdocument.getElementsByTagName(\"head\")[0].appendChild(htmlDiv.childNodes[0]);\r\n\t\t\t\t}\r\n\t\t\t<\/script>\n\t\t<script type=\"text\/javascript\">\r\nsetREVStartSize({c: jQuery('#rev_slider_1_1'), responsiveLevels: [1240,1024,778,480], gridwidth: [1140,1140,778,480], gridheight: [650,550,400,500], sliderLayout: 'auto'});\r\n\t\t\t\r\nvar revapi1,\r\n\ttpj=jQuery;\r\n\t\t\t\r\ntpj(document).ready(function() {\n\tif(tpj(\"#rev_slider_1_1\").revolution == undefined){\n\t\trevslider_showDoubleJqueryError(\"#rev_slider_1_1\");\n\t}else{\n\t\trevapi1 = tpj(\"#rev_slider_1_1\").show().revolution({\n\t\t\tsliderType:\"standard\",\n\t\t\tjsFileLocation:\"\/\/pfeilconveyorbelts.com\/wp-content\/plugins\/revslider\/public\/assets\/js\/\",\n\t\t\tsliderLayout:\"auto\",\n\t\t\tdottedOverlay:\"none\",\n\t\t\tdelay:9000,\n\t\t\tnavigation: {\n\t\t\t\tkeyboardNavigation:\"off\",\n\t\t\t\tkeyboard_direction: \"horizontal\",\n\t\t\t\tmouseScrollNavigation:\"off\",\n \t\t\t\t\t\t\tmouseScrollReverse:\"default\",\n\t\t\t\tonHoverStop:\"off\",\n\t\t\t\tarrows: {\n\t\t\t\t\tstyle:\"\",\n\t\t\t\t\tenable:true,\n\t\t\t\t\thide_onmobile:false,\n\t\t\t\t\thide_onleave:true,\n\t\t\t\t\thide_delay:200,\n\t\t\t\t\thide_delay_mobile:1200,\n\t\t\t\t\ttmp:'',\n\t\t\t\t\tleft: {\n\t\t\t\t\t\th_align:\"left\",\n\t\t\t\t\t\tv_align:\"center\",\n\t\t\t\t\t\th_offset:0,\n\t\t\t\t\t\tv_offset:0\n\t\t\t\t\t},\n\t\t\t\t\tright: {\n\t\t\t\t\t\th_align:\"right\",\n\t\t\t\t\t\tv_align:\"center\",\n\t\t\t\t\t\th_offset:0,\n\t\t\t\t\t\tv_offset:0\n\t\t\t\t\t}\n\t\t\t\t}\n\t\t\t},\n\t\t\tresponsiveLevels:[1240,1024,778,480],\n\t\t\tvisibilityLevels:[1240,1024,778,480],\n\t\t\tgridwidth:[1140,1140,778,480],\n\t\t\tgridheight:[650,550,400,500],\n\t\t\tlazyType:\"none\",\n\t\t\tparallax: {\n\t\t\t\ttype:\"scroll\",\n\t\t\t\torigo:\"enterpoint\",\n\t\t\t\tspeed:400,\n\t\t\t\tspeedbg:0,\n\t\t\t\tspeedls:0,\n\t\t\t\tlevels:[5,10,15,20,25,30,35,40,45,46,47,48,49,50,51,55],\n\t\t\t\tdisable_onmobile:\"on\"\n\t\t\t},\n\t\t\tshadow:0,\n\t\t\tspinner:\"spinner0\",\n\t\t\tstopLoop:\"off\",\n\t\t\tstopAfterLoops:-1,\n\t\t\tstopAtSlide:-1,\n\t\t\tshuffle:\"off\",\n\t\t\tautoHeight:\"off\",\n\t\t\tdisableProgressBar:\"on\",\n\t\t\thideThumbsOnMobile:\"off\",\n\t\t\thideSliderAtLimit:0,\n\t\t\thideCaptionAtLimit:0,\n\t\t\thideAllCaptionAtLilmit:0,\n\t\t\tdebugMode:false,\n\t\t\tfallbacks: {\n\t\t\t\tsimplifyAll:\"off\",\n\t\t\t\tnextSlideOnWindowFocus:\"off\",\n\t\t\t\tdisableFocusListener:false,\n\t\t\t}\n\t\t});\n\t}\n\t\n});\t\/*ready*\/\n<\/script>\r\n\t\t<\/div><!-- END REVOLUTION SLIDER -->[\/vc_column_text][\/vc_column][\/vc_row][vc_row full_width=&#8221;stretch_row&#8221; css=&#8221;.vc_custom_1465816284016{margin-top: 0px !important;margin-bottom: 0px !important;padding-top: 40px !important;padding-bottom: 70px !important;background-color: #f8f9f9 !important;}&#8221;][vc_column width=&#8221;1\/3&#8243;][vc_single_image image=&#8221;2347&#8243; img_size=&#8221;500&#215;350&#8243; css=&#8221;.vc_custom_1516043746760{margin-bottom: 0px !important;}&#8221;][vc_empty_space height=&#8221;10px&#8221;][vc_custom_heading text=&#8221;TEXTILF\u00d6RDERGURTE&#8221; font_container=&#8221;tag:h5|text_align:left&#8221; use_theme_fonts=&#8221;yes&#8221; link=&#8221;url:https%3A%2F%2Fpfeilconveyorbelts.com\/de\/textile-conveyor-belts%2F ||target:%20_blank|&#8221;][vc_empty_space height=&#8221;15px&#8221;][vc_column_text css=&#8221;.vc_custom_1519825938594{margin-bottom: 0px !important;}&#8221;] PFEIL bietet Ihnen Textilf\u00f6rdergurte von hoher Qualit\u00e4t f\u00fcr die Sch\u00fcttguthandhabung.<br \/>\nDiese z\u00e4hlen zu den vielseitigsten, flexibelsten und leichten aber doch starken F\u00f6rdergurten, sie sind somit eine F\u00f6rderl\u00f6sung f\u00fcr alle Branchen.<\/p>\n<p>Unser Angebot reicht von zweilagigen bis sechslagigen F\u00f6rdergurten in Standardbreiten bis zu 2400mm.[\/vc_column_text][vc_empty_space height=&#8221;10px&#8221;]<a id='button-id-' target='_self' href='https:\/\/pfeilconveyorbelts.com\/de\/textile-conveyor-belts\/' class='btn btn-minimal btn-md' style=''>Weiterlesen<\/a>[\/vc_column][vc_column width=&#8221;1\/3&#8243;][vc_single_image image=&#8221;2365&#8243; img_size=&#8221;500&#215;350&#8243; css=&#8221;.vc_custom_1516047182782{margin-bottom: 0px !important;}&#8221;][vc_empty_space height=&#8221;10px&#8221;][vc_custom_heading text=&#8221;CHEVRON F\u00d6RDERGURTE &#8221; font_container=&#8221;tag:h5|text_align:left&#8221; use_theme_fonts=&#8221;yes&#8221; link=&#8221;url:https%3A%2F%2Fpfeilconveyorbelts.com\/de\/chevron-conveyor-belts-2%2F||target:%20_blank|&#8221;][vc_empty_space height=&#8221;15px&#8221;][vc_column_text css=&#8221;.vc_custom_1519826186497{margin-bottom: 0px !important;}&#8221;] Je nach dem gef\u00f6rderten Material betr\u00e4gt der maximale Neigungswinkel 20\u00b0 (ungef\u00e4hrer Wert).<br \/>\nBei steileren Winkeln sind Chevron-Gurte erforderlich.<br \/>\nChevron-F\u00f6rdergurte wurden f\u00fcr die Materialf\u00f6rderung bei h\u00f6heren Neigungswinkeln entwickelt, dazu sind sie mit rutschfesten und\/oder profilierten Oberfl\u00e4chen ausgestattet.<\/p>\n<p>PFEIL Chevron-F\u00f6rdergurte werden in einem Hei\u00dfvulkanisierungsverfahren hergestellt, die Vulkanisierung ist in die Deckschicht des Gurts integriert.<br \/>\n[\/vc_column_text][vc_empty_space height=&#8221;10px&#8221;]<a id='button-id-1' target='_self' href='https:\/\/pfeilconveyorbelts.com\/de\/chevron-conveyor-belts-2\/' class='btn btn-minimal btn-md' style=''>Weiterlesen<\/a>[\/vc_column][vc_column width=&#8221;1\/3&#8243;][vc_single_image image=&#8221;2389&#8243; img_size=&#8221;500&#215;350&#8243; css=&#8221;.vc_custom_1516047617028{margin-bottom: 0px !important;}&#8221;][vc_empty_space height=&#8221;10px&#8221;][vc_custom_heading text=&#8221; F\u00d6RDERGURTE MIT SEITENWAND&#8221; font_container=&#8221;tag:h5|text_align:left&#8221; use_theme_fonts=&#8221;yes&#8221; link=&#8221;url:https%3A%2F%2Fpfeilconveyorbelts.com\/de\/sidewall-conveyor-belts%2F||target:%20_blank|&#8221;][vc_empty_space height=&#8221;15px&#8221;][vc_column_text css=&#8221;.vc_custom_1519826466944{margin-bottom: 0px !important;}&#8221;] Entwickelt f\u00fcr die F\u00f6rderung fast aller Materialien (mit unterschiedlichem Gewicht) bei Winkeln bis zu 90\u00b0.<br \/>\nKomponenten der Seitenwand-F\u00f6rdergurte:  Grundgurt; Seitenw\u00e4nde; Klemmen<br \/>\nVorteilhaft bei PFEIL Gurten mit Seitenwand ist der Einsatz von Gurten mit kreuzweise verst\u00e4rkter Basis. Diese Gurte k\u00f6nnen von der Horizontalen im rechten Winkel umgelenkt werden, ohne dass eine Bogenwirkung auftritt.<br \/>\n[\/vc_column_text][vc_empty_space height=&#8221;10px&#8221;]<a id='button-id-2' target='_self' href='https:\/\/pfeilconveyorbelts.com\/de\/sidewall-conveyor-belts\/' class='btn btn-minimal btn-md' style=''>Weiterlesen <\/a>[\/vc_column][vc_column width=&#8221;1\/3&#8243;]<\/p>\n<p>[vc_column width=&#8221;1\/3&#8243;][\/vc_column][\/vc_row][vc_row full_width=&#8221;stretch_row&#8221; css=&#8221;.vc_custom_1516049370175{margin-bottom: 0px !important;background-image: url(https:\/\/pfeilconveyorbelts.com\/wp-content\/uploads\/2017\/12\/Textil3.jpg?id=2303) !important;background-position: center !important;background-repeat: no-repeat !important;background-size: cover !important;}&#8221; el_class=&#8221;jumbotron&#8221;][vc_column width=&#8221;2\/3&#8243; css=&#8221;.vc_custom_1516126505628{background-color: rgba(4,115,170,0.52) !important;*background-color: rgb(4,115,170) !important;}&#8221;][vc_column_text el_class=&#8221;font-size-18&#8243;]<\/p>\n<h2 class=\"vc_custom_heading\"><span style=\"color: #ffffff;\">PFEIL CONVEYOR BELTS<\/span><\/h2>\n<p><span style=\"color: #ffffff;\">Wir bieten verschiedene Arten von F\u00f6rdergurten und eine gro\u00dfe Auswahl von Abdeckungen, so dass jeder unserer Kunden genau die spezielle L\u00f6sung f\u00fcr seine Bed\u00fcrfnisse erh\u00e4lt.<\/span>[\/vc_column_text]<a id='button-id-3' target='_self' href='https:\/\/pfeilconveyorbelts.com\/de\/about-us-2\/' class='btn btn-normal btn-md' style=''>\u00dcber uns<\/a>[\/vc_column][vc_column width=&#8221;1\/3&#8243;][\/vc_column][\/vc_row]<\/p>\n","protected":false},"excerpt":{"rendered":"<p>[vc_row full_width=&#8221;stretch_row_content_no_spaces&#8221; css=&#8221;.vc_custom_1453200552863{margin-top: -60px !important;margin-bottom: 0px !important;padding-bottom: 0px !important;}&#8221;][vc_column][vc_column_text][\/vc_column_text][\/vc_column][\/vc_row][vc_row full_width=&#8221;stretch_row&#8221; css=&#8221;.vc_custom_1465816284016{margin-top: 0px !important;margin-bottom: 0px !important;padding-top: 40px !important;padding-bottom: 70px !important;background-color: #f8f9f9 !important;}&#8221;][vc_column width=&#8221;1\/3&#8243;][vc_single_image image=&#8221;2347&#8243; img_size=&#8221;500&#215;350&#8243; css=&#8221;.vc_custom_1516043746760{margin-bottom: 0px !important;}&#8221;][vc_empty_space height=&#8221;10px&#8221;][vc_custom_heading text=&#8221;TEXTILF\u00d6RDERGURTE&#8221; font_container=&#8221;tag:h5|text_align:left&#8221; use_theme_fonts=&#8221;yes&#8221; link=&#8221;url:https%3A%2F%2Fpfeilconveyorbelts.com\/de\/textile-conveyor-belts%2F ||target:%20_blank|&#8221;][vc_empty_space height=&#8221;15px&#8221;][vc_column_text css=&#8221;.vc_custom_1519825938594{margin-bottom: 0px !important;}&#8221;] PFEIL bietet Ihnen &hellip;<\/p>\n","protected":false},"author":1,"featured_media":0,"parent":0,"menu_order":0,"comment_status":"closed","ping_status":"closed","template":"","meta":{"footnotes":""},"class_list":["post-1096","page","type-page","status-publish","hentry"],"translation":{"provider":"WPGlobus","version":"3.0.2","language":"de","enabled_languages":["en","de"],"languages":{"en":{"title":true,"content":true,"excerpt":false},"de":{"title":false,"content":true,"excerpt":false}}},"yoast_head":"<!-- This site is optimized with the Yoast SEO plugin v27.4 - https:\/\/yoast.com\/product\/yoast-seo-wordpress\/ -->\n<title>Home - Pfeil Conveyor Belts<\/title>\n<meta name=\"robots\" content=\"index, follow, max-snippet:-1, max-image-preview:large, max-video-preview:-1\" \/>\n<link rel=\"canonical\" href=\"https:\/\/pfeilconveyorbelts.com\/\" \/>\n<meta property=\"og:locale\" content=\"de_DE\" \/>\n<meta property=\"og:type\" content=\"article\" \/>\n<meta property=\"og:title\" content=\"Home - Pfeil Conveyor Belts\" \/>\n<meta property=\"og:url\" content=\"https:\/\/pfeilconveyorbelts.com\/\" \/>\n<meta property=\"og:site_name\" content=\"Pfeil Conveyor Belts\" \/>\n<meta property=\"article:modified_time\" content=\"2018-04-18T13:22:53+00:00\" \/>\n<meta name=\"twitter:card\" content=\"summary_large_image\" \/>\n<meta name=\"twitter:label1\" content=\"Est. reading time\" \/>\n\t<meta name=\"twitter:data1\" content=\"6 minutes\" \/>\n<script type=\"application\/ld+json\" class=\"yoast-schema-graph\">{\"@context\":\"https:\\\/\\\/schema.org\",\"@graph\":[{\"@type\":\"WebPage\",\"@id\":\"https:\\\/\\\/pfeilconveyorbelts.com\\\/\",\"url\":\"https:\\\/\\\/pfeilconveyorbelts.com\\\/\",\"name\":\"Home - Pfeil Conveyor Belts\",\"isPartOf\":{\"@id\":\"https:\\\/\\\/pfeilconveyorbelts.com\\\/#website\"},\"datePublished\":\"2016-01-06T13:11:34+00:00\",\"dateModified\":\"2018-04-18T13:22:53+00:00\",\"breadcrumb\":{\"@id\":\"https:\\\/\\\/pfeilconveyorbelts.com\\\/#breadcrumb\"},\"inLanguage\":\"de-DE\",\"potentialAction\":[{\"@type\":\"ReadAction\",\"target\":[\"https:\\\/\\\/pfeilconveyorbelts.com\\\/\"]}]},{\"@type\":\"BreadcrumbList\",\"@id\":\"https:\\\/\\\/pfeilconveyorbelts.com\\\/#breadcrumb\",\"itemListElement\":[{\"@type\":\"ListItem\",\"position\":1,\"name\":\"Home\",\"item\":\"https:\\\/\\\/pfeilconveyorbelts.com\\\/\"},{\"@type\":\"ListItem\",\"position\":2,\"name\":\"Home\"}]},{\"@type\":\"WebSite\",\"@id\":\"https:\\\/\\\/pfeilconveyorbelts.com\\\/#website\",\"url\":\"https:\\\/\\\/pfeilconveyorbelts.com\\\/\",\"name\":\"Pfeil Conveyor Belts\",\"description\":\"Conveyor Belts\",\"potentialAction\":[{\"@type\":\"SearchAction\",\"target\":{\"@type\":\"EntryPoint\",\"urlTemplate\":\"https:\\\/\\\/pfeilconveyorbelts.com\\\/?s={search_term_string}\"},\"query-input\":{\"@type\":\"PropertyValueSpecification\",\"valueRequired\":true,\"valueName\":\"search_term_string\"}}],\"inLanguage\":\"de-DE\"}]}<\/script>\n<!-- \/ Yoast SEO plugin. -->","yoast_head_json":{"title":"Home - Pfeil Conveyor Belts","robots":{"index":"index","follow":"follow","max-snippet":"max-snippet:-1","max-image-preview":"max-image-preview:large","max-video-preview":"max-video-preview:-1"},"canonical":"https:\/\/pfeilconveyorbelts.com\/","og_locale":"de_DE","og_type":"article","og_title":"Home - Pfeil Conveyor Belts","og_url":"https:\/\/pfeilconveyorbelts.com\/","og_site_name":"Pfeil Conveyor Belts","article_modified_time":"2018-04-18T13:22:53+00:00","twitter_card":"summary_large_image","twitter_misc":{"Est. reading time":"6 minutes"},"schema":{"@context":"https:\/\/schema.org","@graph":[{"@type":"WebPage","@id":"https:\/\/pfeilconveyorbelts.com\/","url":"https:\/\/pfeilconveyorbelts.com\/","name":"Home - Pfeil Conveyor Belts","isPartOf":{"@id":"https:\/\/pfeilconveyorbelts.com\/#website"},"datePublished":"2016-01-06T13:11:34+00:00","dateModified":"2018-04-18T13:22:53+00:00","breadcrumb":{"@id":"https:\/\/pfeilconveyorbelts.com\/#breadcrumb"},"inLanguage":"de-DE","potentialAction":[{"@type":"ReadAction","target":["https:\/\/pfeilconveyorbelts.com\/"]}]},{"@type":"BreadcrumbList","@id":"https:\/\/pfeilconveyorbelts.com\/#breadcrumb","itemListElement":[{"@type":"ListItem","position":1,"name":"Home","item":"https:\/\/pfeilconveyorbelts.com\/"},{"@type":"ListItem","position":2,"name":"Home"}]},{"@type":"WebSite","@id":"https:\/\/pfeilconveyorbelts.com\/#website","url":"https:\/\/pfeilconveyorbelts.com\/","name":"Pfeil Conveyor Belts","description":"Conveyor Belts","potentialAction":[{"@type":"SearchAction","target":{"@type":"EntryPoint","urlTemplate":"https:\/\/pfeilconveyorbelts.com\/?s={search_term_string}"},"query-input":{"@type":"PropertyValueSpecification","valueRequired":true,"valueName":"search_term_string"}}],"inLanguage":"de-DE"}]}},"_links":{"self":[{"href":"https:\/\/pfeilconveyorbelts.com\/de\/wp-json\/wp\/v2\/pages\/1096","targetHints":{"allow":["GET"]}}],"collection":[{"href":"https:\/\/pfeilconveyorbelts.com\/de\/wp-json\/wp\/v2\/pages"}],"about":[{"href":"https:\/\/pfeilconveyorbelts.com\/de\/wp-json\/wp\/v2\/types\/page"}],"author":[{"embeddable":true,"href":"https:\/\/pfeilconveyorbelts.com\/de\/wp-json\/wp\/v2\/users\/1"}],"replies":[{"embeddable":true,"href":"https:\/\/pfeilconveyorbelts.com\/de\/wp-json\/wp\/v2\/comments?post=1096"}],"version-history":[{"count":56,"href":"https:\/\/pfeilconveyorbelts.com\/de\/wp-json\/wp\/v2\/pages\/1096\/revisions"}],"predecessor-version":[{"id":2553,"href":"https:\/\/pfeilconveyorbelts.com\/de\/wp-json\/wp\/v2\/pages\/1096\/revisions\/2553"}],"wp:attachment":[{"href":"https:\/\/pfeilconveyorbelts.com\/de\/wp-json\/wp\/v2\/media?parent=1096"}],"curies":[{"name":"wp","href":"https:\/\/api.w.org\/{rel}","templated":true}]}}